{"id":178,"date":"2025-12-20T21:35:22","date_gmt":"2025-12-20T21:35:22","guid":{"rendered":"http:\/\/komenfilm.com\/index.php\/komen-2\/"},"modified":"2025-12-20T21:50:37","modified_gmt":"2025-12-20T21:50:37","slug":"komen-2","status":"publish","type":"page","link":"https:\/\/komenfilm.com\/index.php\/komen-2\/","title":{"rendered":"K\u00f6men&#8217;den"},"content":{"rendered":"\n<div class=\"wp-block-group sidebar-box has-accent-background-color has-background is-layout-flow wp-container-core-group-is-layout-3466548e wp-block-group-is-layout-flow\" style=\"border-style:none;border-width:0px;border-top-left-radius:40px;border-top-right-radius:10px;border-bottom-left-radius:10px;border-bottom-right-radius:40px;margin-bottom:25px;padding-top:0;padding-right:0;padding-bottom:0;padding-left:0\">\n<div class=\"wp-block-group has-shadow-dark has-border-color has-accent-border-color has-background-background-color has-background is-layout-constrained wp-container-core-group-is-layout-f611be13 wp-block-group-is-layout-constrained\" style=\"border-width:2px;border-top-left-radius:40px;border-top-right-radius:10px;border-bottom-left-radius:10px;border-bottom-right-radius:40px;padding-top:var(--wp--preset--spacing--50);padding-right:var(--wp--preset--spacing--50);padding-bottom:var(--wp--preset--spacing--50);padding-left:var(--wp--preset--spacing--50)\">\n<div class=\"wp-block-group is-layout-constrained wp-block-group-is-layout-constrained\" style=\"border-top-style:none;border-top-width:0px;border-right-style:none;border-right-width:0px;border-bottom-color:var(--wp--preset--color--accent);border-bottom-width:3px;border-left-style:none;border-left-width:0px;min-height:0px\">\n<h1 class=\"wp-block-heading has-black-color has-text-color has-content-heading-font-size\" style=\"padding-top:var(--wp--preset--spacing--30);padding-right:0;padding-bottom:var(--wp--preset--spacing--30);padding-left:0;font-style:normal;font-weight:500\">K\u00f6men Film Olarak Bir Reklam Filmini Nas\u0131l \u00dcretiyoruz?<\/h1>\n\n\n<form role=\"search\" method=\"get\" action=\"https:\/\/komenfilm.com\/\" class=\"wp-block-search__button-outside wp-block-search__icon-button wp-block-search\"    ><label class=\"wp-block-search__label screen-reader-text\" for=\"wp-block-search__input-1\" >Search<\/label><div class=\"wp-block-search__inside-wrapper\"  style=\"width: 100%\"><input class=\"wp-block-search__input has-tiny-font-size\" id=\"wp-block-search__input-1\" placeholder=\"Yazan : K\u00f6men Film Prod\u00fcksiyon Ekibi\" value=\"\" type=\"search\" name=\"s\" required \/><button aria-label=\"Search\" class=\"wp-block-search__button has-background has-accent-background-color has-tiny-font-size has-icon wp-element-button\" type=\"submit\" ><svg class=\"search-icon\" viewBox=\"0 0 24 24\" width=\"24\" height=\"24\">\n\t\t\t\t\t<path d=\"M13 5c-3.3 0-6 2.7-6 6 0 1.4.5 2.7 1.3 3.7l-3.8 3.8 1.1 1.1 3.8-3.8c1 .8 2.3 1.3 3.7 1.3 3.3 0 6-2.7 6-6S16.3 5 13 5zm0 10.5c-2.5 0-4.5-2-4.5-4.5s2-4.5 4.5-4.5 4.5 2 4.5 4.5-2 4.5-4.5 4.5z\"><\/path>\n\t\t\t\t<\/svg><\/button><\/div><\/form><\/div>\n<\/div>\n<\/div>\n\n\n\n<div class=\"wp-block-group sidebar-box has-accent-background-color has-background is-layout-flow wp-container-core-group-is-layout-3466548e wp-block-group-is-layout-flow\" style=\"border-style:none;border-width:0px;border-top-left-radius:40px;border-top-right-radius:10px;border-bottom-left-radius:10px;border-bottom-right-radius:40px;margin-bottom:25px;padding-top:0;padding-right:0;padding-bottom:0;padding-left:0\">\n<div class=\"wp-block-group has-shadow-dark latest-post-column has-border-color has-accent-border-color has-background-background-color has-background is-layout-constrained wp-container-core-group-is-layout-f611be13 wp-block-group-is-layout-constrained\" style=\"border-width:2px;border-top-left-radius:40px;border-top-right-radius:10px;border-bottom-left-radius:10px;border-bottom-right-radius:40px;padding-top:var(--wp--preset--spacing--50);padding-right:var(--wp--preset--spacing--50);padding-bottom:var(--wp--preset--spacing--50);padding-left:var(--wp--preset--spacing--50)\">\n<div class=\"wp-block-group is-layout-constrained wp-block-group-is-layout-constrained\" style=\"border-top-style:none;border-top-width:0px;border-right-style:none;border-right-width:0px;border-bottom-color:var(--wp--preset--color--accent);border-bottom-width:3px;border-left-style:none;border-left-width:0px;min-height:0px\">\n<h3 class=\"wp-block-heading has-black-color has-text-color has-content-heading-font-size\" style=\"padding-top:var(--wp--preset--spacing--30);padding-right:0;padding-bottom:var(--wp--preset--spacing--30);padding-left:0;font-style:normal;font-weight:500\">K\u00f6men Film Olarak Bir Reklam Filmini Nas\u0131l \u00dcretiyoruz? <\/h3>\n<\/div>\n\n\n\n<div class=\"wp-block-query is-layout-flow wp-block-query-is-layout-flow\"><ul class=\"wp-block-post-template is-layout-flow wp-block-post-template-is-layout-flow\"><li class=\"wp-block-post post-1 post type-post status-publish format-standard hentry category-uncategorized\">\n\n<div class=\"wp-block-columns are-vertically-aligned-center sidebar-post-column is-layout-flex wp-container-core-columns-is-layout-ea69a204 wp-block-columns-is-layout-flex\">\n<div class=\"wp-block-column is-vertically-aligned-center is-layout-flow wp-block-column-is-layout-flow\" style=\"flex-basis:75%\">\n<p><\/p>\n\n\n\n<p class=\"has-text-align-left\"> Reklam filmi, markalar\u0131n hedef kitlesiyle kurdu\u011fu en g\u00fc\u00e7l\u00fc ileti\u015fim ara\u00e7lar\u0131ndan biridir. Ancak etkili bir reklam filmi; yaln\u0131zca iyi g\u00f6r\u00fcnt\u00fclerden de\u011fil, do\u011fru strateji, g\u00fc\u00e7l\u00fc hik\u00e2ye ve profesyonel prod\u00fcksiyon s\u00fcrecinden olu\u015fur.<br><strong>K\u00f6men Film<\/strong>, Bursa merkezli bir yap\u0131m \u015firketi olarak reklam filmlerini fikir a\u015famas\u0131ndan yay\u0131na kadar b\u00fct\u00fcnc\u00fcl bir yakla\u015f\u0131mla \u00fcretir.<\/p>\n\n\n\n<p>Bu yaz\u0131da,&nbsp;<strong>reklam filmi nas\u0131l yap\u0131l\u0131r<\/strong>, \u00fcretim s\u00fcreci hangi a\u015famalardan olu\u015fur ve K\u00f6men Film bu s\u00fcreci nas\u0131l y\u00f6netir, t\u00fcm detaylar\u0131yla anlat\u0131yoruz.<\/p>\n\n\n\n<h2 class=\"wp-block-heading\">Reklam Filmi \u00dcretiminde K\u00f6men Film Yakla\u015f\u0131m\u0131<\/h2>\n\n\n\n<p>Bir reklam filminin ba\u015far\u0131s\u0131, \u00e7ekimden \u00f6nce ba\u015flar. Bu nedenle K\u00f6men Film\u2019de prod\u00fcksiyon s\u00fcreci kamera a\u00e7\u0131lmadan \u00e7ok \u00f6nce planlan\u0131r.<\/p>\n\n\n\n<p>Markay\u0131 Anlamadan \u00c7ekime Ba\u015flam\u0131yoruz<\/p>\n\n\n\n<p>Her proje, markan\u0131n hedefleri ve beklentileri analiz edilerek ba\u015flar.<\/p>\n\n\n\n<ul class=\"wp-block-list\">\n<li>Marka ne anlatmak istiyor?<\/li>\n\n\n\n<li>Hedef kitle kim?<\/li>\n\n\n\n<li>Reklam filmi nerede yay\u0131nlanacak?<\/li>\n<\/ul>\n\n\n\n<p>Bu sorular netle\u015fmeden reklam filmi \u00e7ekimine ba\u015flanmaz.<\/p>\n\n\n\n<h3 class=\"wp-block-heading\">Hedef Kitle ve \u0130leti\u015fim Dili Analizi<\/h3>\n\n\n\n<p>Etkili bir reklam filmi, do\u011fru ki\u015fiye do\u011fru dil ile hitap etmelidir. Bu nedenle hedef kitle analizi yap\u0131l\u0131r ve filmin tonu buna g\u00f6re belirlenir. Kurumsal, dinamik, duygusal ya da e\u011flenceli\u2026 Her reklam filmi kendi dilini ta\u015f\u0131r.<\/p>\n\n\n\n<h2 class=\"wp-block-heading\">Fikir ve Senaryo Geli\u015ftirme S\u00fcreci<\/h2>\n\n\n\n<h3 class=\"wp-block-heading\">Kreatif Konsept Nas\u0131l Olu\u015fturulur?<\/h3>\n\n\n\n<p>Reklam filminin temelini fikir olu\u015fturur. K\u00f6men Film kreatif ekibi, markan\u0131n ihtiya\u00e7lar\u0131n\u0131 merkeze alarak \u00f6zg\u00fcn ve dikkat \u00e7ekici bir konsept geli\u015ftirir. Bu a\u015famada sekt\u00f6r, rakipler ve g\u00fcncel trendler de dikkate al\u0131n\u0131r.<\/p>\n\n\n\n<h3 class=\"wp-block-heading\">Senaryonun Reklam Hedefine Uygunlu\u011fu<\/h3>\n\n\n\n<p>Haz\u0131rlanan senaryo; yaln\u0131zca estetik de\u011fil, reklam\u0131n amac\u0131na hizmet edecek \u015fekilde kurgulan\u0131r. \u0130zleyicinin mesaj\u0131 net bir \u015fekilde almas\u0131 ve marka ile ba\u011f kurmas\u0131 hedeflenir.<\/p>\n\n\n\n<hr class=\"wp-block-separator has-alpha-channel-opacity\"\/>\n\n\n\n<h2 class=\"wp-block-heading\">Prod\u00fcksiyon (\u00c7ekim) A\u015famas\u0131<\/h2>\n\n\n\n<h3 class=\"wp-block-heading\">Ekip, Ekipman ve Teknik Planlama<\/h3>\n\n\n\n<p>Reklam filmi \u00e7ekimi; profesyonel ekipman ve deneyimli bir ekiple ger\u00e7ekle\u015ftirilir.<\/p>\n\n\n\n<ul class=\"wp-block-list\">\n<li>Kamera ve lens se\u00e7imleri<\/li>\n\n\n\n<li>I\u015f\u0131k planlamas\u0131<\/li>\n\n\n\n<li>Ses ve g\u00f6r\u00fcnt\u00fc altyap\u0131s\u0131<\/li>\n<\/ul>\n\n\n\n<p>T\u00fcm teknik detaylar \u00e7ekim \u00f6ncesinde planlan\u0131r.<\/p>\n\n\n\n<h3 class=\"wp-block-heading\">\u00c7ekim G\u00fcn\u00fc Organizasyonu<\/h3>\n\n\n\n<p>\u00c7ekim g\u00fcn\u00fc, planlanan takvim do\u011frultusunda disiplinli bir \u015fekilde ilerler. Y\u00f6netmen, g\u00f6r\u00fcnt\u00fc y\u00f6netmeni ve teknik ekip koordineli \u00e7al\u0131\u015farak \u00e7ekimlerin verimli ve sorunsuz tamamlanmas\u0131n\u0131 sa\u011flar.<\/p>\n\n\n\n<hr class=\"wp-block-separator has-alpha-channel-opacity\"\/>\n\n\n\n<h2 class=\"wp-block-heading\">Post-Prod\u00fcksiyon S\u00fcreci<\/h2>\n\n\n\n<h3 class=\"wp-block-heading\">Kurgu, Renk ve Ses Tasar\u0131m\u0131<\/h3>\n\n\n\n<p>\u00c7ekimler tamamland\u0131ktan sonra reklam filmi post-prod\u00fcksiyon a\u015famas\u0131na ge\u00e7er.<br>Bu a\u015famada:<\/p>\n\n\n\n<ul class=\"wp-block-list\">\n<li>Kurgu<\/li>\n\n\n\n<li>Renk d\u00fczenleme<\/li>\n\n\n\n<li>Ses tasar\u0131m\u0131 ve m\u00fczik<\/li>\n<\/ul>\n\n\n\n<p>gibi i\u015flemler profesyonel yaz\u0131l\u0131mlar kullan\u0131larak yap\u0131l\u0131r.<\/p>\n\n\n\n<h3 class=\"wp-block-heading\">Revize ve Onay S\u00fcreci<\/h3>\n\n\n\n<p>K\u00f6men Film, m\u00fc\u015fterileriyle \u015feffaf bir revize s\u00fcreci y\u00fcr\u00fct\u00fcr. Gerekli d\u00fczenlemeler yap\u0131ld\u0131ktan sonra reklam filmi yay\u0131na haz\u0131r hale getirilir.<\/p>\n\n\n\n<hr class=\"wp-block-separator has-alpha-channel-opacity\"\/>\n\n\n\n<h2 class=\"wp-block-heading\">Neden K\u00f6men Film Reklam Filmi \u00dcretim Modeli?<\/h2>\n\n\n\n<h3 class=\"wp-block-heading\">Tek Elden Y\u00f6netilen Profesyonel S\u00fcre\u00e7<\/h3>\n\n\n\n<p>Fikirden teslimata kadar t\u00fcm s\u00fcrecin tek bir yap\u0131m \u015firketi taraf\u0131ndan y\u00f6netilmesi; zaman, maliyet ve kalite a\u00e7\u0131s\u0131ndan b\u00fcy\u00fck avantaj sa\u011flar.<\/p>\n\n\n\n<h3 class=\"wp-block-heading\">\u00d6l\u00e7\u00fclebilir ve Etkili Sonu\u00e7lar<\/h3>\n\n\n\n<p>K\u00f6men Film, yaln\u0131zca estetik reklam filmleri de\u011fil; markaya de\u011fer katan, hedefe y\u00f6nelik ve \u00f6l\u00e7\u00fclebilir sonu\u00e7lar \u00fcreten i\u015fler ortaya koyar.<\/p>\n\n\n\n<hr class=\"wp-block-separator has-alpha-channel-opacity\"\/>\n\n\n\n<h2 class=\"wp-block-heading\">Profesyonel Reklam Filmi \u0130\u00e7in Do\u011fru Adres<\/h2>\n\n\n\n<p>E\u011fer siz de markan\u0131z i\u00e7in&nbsp;<strong>profesyonel reklam filmi \u00e7ekimi<\/strong>,&nbsp;<strong>tan\u0131t\u0131m filmi<\/strong>&nbsp;veya&nbsp;<strong>video prod\u00fcksiyon hizmeti<\/strong>&nbsp;ar\u0131yorsan\u0131z, K\u00f6men Film deneyimli ekibiyle yan\u0131n\u0131zda.<\/p>\n\n\n\n<p>Bursa merkezli yap\u0131m \u015firketimizle ileti\u015fime ge\u00e7erek projeniz i\u00e7in en do\u011fru prod\u00fcksiyon s\u00fcrecini birlikte planlayabiliriz.<\/p>\n\n\n\n<hr class=\"wp-block-separator has-alpha-channel-opacity\"\/>\n<\/div>\n<\/div>\n\n<\/li><\/ul><\/div>\n<\/div>\n<\/div>\n\n\n\n<div class=\"wp-block-group sidebar-box has-accent-background-color has-background is-layout-flow wp-container-core-group-is-layout-3466548e wp-block-group-is-layout-flow\" style=\"border-style:none;border-width:0px;border-top-left-radius:40px;border-top-right-radius:10px;border-bottom-left-radius:10px;border-bottom-right-radius:40px;margin-bottom:25px;padding-top:0;padding-right:0;padding-bottom:0;padding-left:0\">\n<div class=\"wp-block-group has-shadow-dark has-border-color has-accent-border-color has-background-background-color has-background is-layout-constrained wp-container-core-group-is-layout-f611be13 wp-block-group-is-layout-constrained\" style=\"border-width:2px;border-top-left-radius:40px;border-top-right-radius:10px;border-bottom-left-radius:10px;border-bottom-right-radius:40px;padding-top:var(--wp--preset--spacing--50);padding-right:var(--wp--preset--spacing--50);padding-bottom:var(--wp--preset--spacing--50);padding-left:var(--wp--preset--spacing--50)\">\n<div class=\"wp-block-group is-layout-constrained wp-block-group-is-layout-constrained\" style=\"border-top-style:none;border-top-width:0px;border-right-style:none;border-right-width:0px;border-bottom-color:var(--wp--preset--color--accent);border-bottom-width:3px;border-left-style:none;border-left-width:0px;min-height:0px\">\n<h3 class=\"wp-block-heading has-black-color has-text-color has-content-heading-font-size\" style=\"padding-top:var(--wp--preset--spacing--30);padding-right:0;padding-bottom:var(--wp--preset--spacing--30);padding-left:0;font-style:normal;font-weight:500\">Social<\/h3>\n<\/div>\n\n\n\n<ul class=\"wp-block-social-links is-style-default is-content-justification-space-between is-layout-flex wp-container-core-social-links-is-layout-87f5c574 wp-block-social-links-is-layout-flex\"><li class=\"wp-social-link wp-social-link-twitter  wp-block-social-link\"><a rel=\"noopener nofollow\" target=\"_blank\" href=\"https:\/\/www.twitter.com\" class=\"wp-block-social-link-anchor\"><svg width=\"24\" height=\"24\" viewBox=\"0 0 24 24\" version=\"1.1\" xmlns=\"http:\/\/www.w3.org\/2000\/svg\" aria-hidden=\"true\" focusable=\"false\"><path d=\"M22.23,5.924c-0.736,0.326-1.527,0.547-2.357,0.646c0.847-0.508,1.498-1.312,1.804-2.27 c-0.793,0.47-1.671,0.812-2.606,0.996C18.324,4.498,17.257,4,16.077,4c-2.266,0-4.103,1.837-4.103,4.103 c0,0.322,0.036,0.635,0.106,0.935C8.67,8.867,5.647,7.234,3.623,4.751C3.27,5.357,3.067,6.062,3.067,6.814 c0,1.424,0.724,2.679,1.825,3.415c-0.673-0.021-1.305-0.206-1.859-0.513c0,0.017,0,0.034,0,0.052c0,1.988,1.414,3.647,3.292,4.023 c-0.344,0.094-0.707,0.144-1.081,0.144c-0.264,0-0.521-0.026-0.772-0.074c0.522,1.63,2.038,2.816,3.833,2.85 c-1.404,1.1-3.174,1.756-5.096,1.756c-0.331,0-0.658-0.019-0.979-0.057c1.816,1.164,3.973,1.843,6.29,1.843 c7.547,0,11.675-6.252,11.675-11.675c0-0.178-0.004-0.355-0.012-0.531C20.985,7.47,21.68,6.747,22.23,5.924z\"><\/path><\/svg><span class=\"wp-block-social-link-label screen-reader-text\">Twitter<\/span><\/a><\/li>\n\n<li class=\"wp-social-link wp-social-link-youtube  wp-block-social-link\"><a rel=\"noopener nofollow\" target=\"_blank\" href=\"https:\/\/www.youtube.com\" class=\"wp-block-social-link-anchor\"><svg width=\"24\" height=\"24\" viewBox=\"0 0 24 24\" version=\"1.1\" xmlns=\"http:\/\/www.w3.org\/2000\/svg\" aria-hidden=\"true\" focusable=\"false\"><path d=\"M21.8,8.001c0,0-0.195-1.378-0.795-1.985c-0.76-0.797-1.613-0.801-2.004-0.847c-2.799-0.202-6.997-0.202-6.997-0.202 h-0.009c0,0-4.198,0-6.997,0.202C4.608,5.216,3.756,5.22,2.995,6.016C2.395,6.623,2.2,8.001,2.2,8.001S2,9.62,2,11.238v1.517 c0,1.618,0.2,3.237,0.2,3.237s0.195,1.378,0.795,1.985c0.761,0.797,1.76,0.771,2.205,0.855c1.6,0.153,6.8,0.201,6.8,0.201 s4.203-0.006,7.001-0.209c0.391-0.047,1.243-0.051,2.004-0.847c0.6-0.607,0.795-1.985,0.795-1.985s0.2-1.618,0.2-3.237v-1.517 C22,9.62,21.8,8.001,21.8,8.001z M9.935,14.594l-0.001-5.62l5.404,2.82L9.935,14.594z\"><\/path><\/svg><span class=\"wp-block-social-link-label screen-reader-text\">YouTube<\/span><\/a><\/li>\n\n<li class=\"wp-social-link wp-social-link-facebook  wp-block-social-link\"><a rel=\"noopener nofollow\" target=\"_blank\" href=\"https:\/\/www.facebook.com\" class=\"wp-block-social-link-anchor\"><svg width=\"24\" height=\"24\" viewBox=\"0 0 24 24\" version=\"1.1\" xmlns=\"http:\/\/www.w3.org\/2000\/svg\" aria-hidden=\"true\" focusable=\"false\"><path d=\"M12 2C6.5 2 2 6.5 2 12c0 5 3.7 9.1 8.4 9.9v-7H7.9V12h2.5V9.8c0-2.5 1.5-3.9 3.8-3.9 1.1 0 2.2.2 2.2.2v2.5h-1.3c-1.2 0-1.6.8-1.6 1.6V12h2.8l-.4 2.9h-2.3v7C18.3 21.1 22 17 22 12c0-5.5-4.5-10-10-10z\"><\/path><\/svg><span class=\"wp-block-social-link-label screen-reader-text\">Facebook<\/span><\/a><\/li>\n\n<li class=\"wp-social-link wp-social-link-linkedin  wp-block-social-link\"><a rel=\"noopener nofollow\" target=\"_blank\" href=\"https:\/\/www.linkedin.com\" class=\"wp-block-social-link-anchor\"><svg width=\"24\" height=\"24\" viewBox=\"0 0 24 24\" version=\"1.1\" xmlns=\"http:\/\/www.w3.org\/2000\/svg\" aria-hidden=\"true\" focusable=\"false\"><path d=\"M19.7,3H4.3C3.582,3,3,3.582,3,4.3v15.4C3,20.418,3.582,21,4.3,21h15.4c0.718,0,1.3-0.582,1.3-1.3V4.3 C21,3.582,20.418,3,19.7,3z M8.339,18.338H5.667v-8.59h2.672V18.338z M7.004,8.574c-0.857,0-1.549-0.694-1.549-1.548 c0-0.855,0.691-1.548,1.549-1.548c0.854,0,1.547,0.694,1.547,1.548C8.551,7.881,7.858,8.574,7.004,8.574z M18.339,18.338h-2.669 v-4.177c0-0.996-0.017-2.278-1.387-2.278c-1.389,0-1.601,1.086-1.601,2.206v4.249h-2.667v-8.59h2.559v1.174h0.037 c0.356-0.675,1.227-1.387,2.526-1.387c2.703,0,3.203,1.779,3.203,4.092V18.338z\"><\/path><\/svg><span class=\"wp-block-social-link-label screen-reader-text\">LinkedIn<\/span><\/a><\/li><\/ul>\n<\/div>\n<\/div>\n","protected":false},"excerpt":{"rendered":"<p>K\u00f6men Film Olarak Bir Reklam Filmini Nas\u0131l \u00dcretiyoruz? K\u00f6men Film Olarak Bir Reklam Filmini Nas\u0131l \u00dcretiyoruz? Social<\/p>\n","protected":false},"author":1,"featured_media":0,"parent":0,"menu_order":0,"comment_status":"closed","ping_status":"closed","template":"","meta":{"footnotes":""},"class_list":["post-178","page","type-page","status-publish","hentry"],"_links":{"self":[{"href":"https:\/\/komenfilm.com\/index.php\/wp-json\/wp\/v2\/pages\/178","targetHints":{"allow":["GET"]}}],"collection":[{"href":"https:\/\/komenfilm.com\/index.php\/wp-json\/wp\/v2\/pages"}],"about":[{"href":"https:\/\/komenfilm.com\/index.php\/wp-json\/wp\/v2\/types\/page"}],"author":[{"embeddable":true,"href":"https:\/\/komenfilm.com\/index.php\/wp-json\/wp\/v2\/users\/1"}],"replies":[{"embeddable":true,"href":"https:\/\/komenfilm.com\/index.php\/wp-json\/wp\/v2\/comments?post=178"}],"version-history":[{"count":3,"href":"https:\/\/komenfilm.com\/index.php\/wp-json\/wp\/v2\/pages\/178\/revisions"}],"predecessor-version":[{"id":182,"href":"https:\/\/komenfilm.com\/index.php\/wp-json\/wp\/v2\/pages\/178\/revisions\/182"}],"wp:attachment":[{"href":"https:\/\/komenfilm.com\/index.php\/wp-json\/wp\/v2\/media?parent=178"}],"curies":[{"name":"wp","href":"https:\/\/api.w.org\/{rel}","templated":true}]}}